{"id":988468,"date":"2023-07-18T14:27:38","date_gmt":"2023-07-18T14:27:38","guid":{"rendered":"https:\/\/www.yediiklimpeyzaj.com.tr\/our-brands\/"},"modified":"2025-07-24T13:25:21","modified_gmt":"2025-07-24T13:25:21","slug":"our-brands","status":"publish","type":"page","link":"https:\/\/www.yediiklimpeyzaj.com.tr\/en\/our-brands\/","title":{"rendered":"Our Brands"},"content":{"rendered":"<div class=\"vgblk-rw-wrapper limit-wrapper\">\r\n<p><img decoding=\"async\" title=\"bahcemistanbul_logo\" src=\"https:\/\/www.yediiklimpeyzaj.com.tr\/wp-content\/uploads\/2023\/07\/bahcemistanbul_logo.png\" sizes=\"(max-width: 768px) 100vw, 100vw\" srcset=\"https:\/\/www.yediiklimpeyzaj.com.tr\/wp-content\/uploads\/2023\/07\/bahcemistanbul_logo.png 630w, https:\/\/www.yediiklimpeyzaj.com.tr\/wp-content\/uploads\/2023\/07\/bahcemistanbul_logo-300x215.png 300w, https:\/\/www.yediiklimpeyzaj.com.tr\/wp-content\/uploads\/2023\/07\/bahcemistanbul_logo-420x301.png 420w, https:\/\/www.yediiklimpeyzaj.com.tr\/wp-content\/uploads\/2023\/07\/bahcemistanbul_logo-315x226.png 315w\" alt=\"bahcemistanbul_logo\" width=\"630\" height=\"451\"><\/p>\r\n<h2>Bah\u00e7em \u0130stanbul (Retail Sales, Garden Center, and E-Commerce)<\/h2>\r\n<hr>\r\n<p><a href=\"https:\/\/bahcemistanbul.com\/\" target=\"_blank\" rel=\"noopener\">www.bahcem.istanbul<\/a><\/p>\r\n<p>Discover the Beauty of Your Garden with &#8220;Bah\u00e7em \u0130stanbul&#8221;!<\/p>\r\n<p>The green and serene garden you&#8217;ve been dreaming of is now right at your fingertips! As Bah\u00e7em \u0130stanbul, we offer you the most unique garden arrangements with our expert landscaping team and creative design approach.<\/p>\r\n<h2>Green Architect (Cultural, Artistic, and Vocational Educational Activities)<\/h2>\r\n<p>We Reflect the Subtlety of Nature in Our Designs &#8211; <em><strong> Ye\u015fil Mimar <\/strong><\/em><\/p>\r\n<p>With our passion for greenery and nature, we bring your dream garden to life! As Green Architects, we are a leading company in the landscape world, offering our customers sustainable, aesthetic, and functional garden designs.<\/p>\r\n<p><img decoding=\"async\" title=\"islamic-garden-logo-1\" src=\"https:\/\/www.yediiklimpeyzaj.com.tr\/wp-content\/uploads\/2023\/08\/islamic-garden-logo-1.png\" sizes=\"(max-width: 768px) 100vw, 100vw\" srcset=\"https:\/\/www.yediiklimpeyzaj.com.tr\/wp-content\/uploads\/2023\/08\/islamic-garden-logo-1.png 630w, https:\/\/www.yediiklimpeyzaj.com.tr\/wp-content\/uploads\/2023\/08\/islamic-garden-logo-1-300x137.png 300w, https:\/\/www.yediiklimpeyzaj.com.tr\/wp-content\/uploads\/2023\/08\/islamic-garden-logo-1-420x191.png 420w, https:\/\/www.yediiklimpeyzaj.com.tr\/wp-content\/uploads\/2023\/08\/islamic-garden-logo-1-315x144.png 315w\" alt=\"islamic-garden-logo-1\" width=\"630\" height=\"287\"><\/p>\r\n<h2>Islamic Garden (Culture, Arts, and Vocational Training Activities)<\/h2>\r\n<hr>\r\n<p><a href=\"https:\/\/www.islamicgarden.com\" target=\"_blank\" rel=\"noopener\">www.islamicgarden.com<\/a><\/p>\r\n<p>Discover the Beauty of Your Garden with &#8220;Bah\u00e7em \u0130stanbul&#8221;!<\/p>\r\n<p>The green and peaceful garden you&#8217;ve envisioned is now very close to you! As Bah\u00e7em \u0130stanbul, we offer you the most special garden arrangements with our expert landscaping team and creative design approach.<\/p>\r\n<hr>\r\n<p>400+ Happy Customer<\/p>\r\n<p>Customer satisfaction is our priority. Our professional team aims to exceed the expectations of our customers with quality service and reliability.<\/p>\r\n<p>8,978+ Tree<\/p>\r\n<p>With our goal of preserving nature and increasing green spaces, we have beautified our surroundings. We are creating natural habitats for a sustainable future.<\/p>\r\n<p>20+ Year Experience<\/p>\r\n<p>We are pioneers in the landscaping industry with our experience. With our professional team, we are achieving successful projects focusing on quality, aesthetics, and customer satisfaction.<\/p>\r\n<h3>Our Services<\/h3>\r\n<p><a title=\"Peyzaj-Proje-Dan\u0131\u015fmanl\u0131k\" href=\"\/en\/landscape-design-consultancy\/\" target=\"_self\" rel=\"noopener\"> <img decoding=\"async\" title=\"Peyzaj-Proje-Dan\u0131\u015fmanl\u0131k\" src=\"https:\/\/www.yediiklimpeyzaj.com.tr\/wp-content\/uploads\/2023\/08\/Peyzaj-Proje-Danismanlik-1.jpg\" sizes=\"(max-width: 768px) 100vw, 100vw\" srcset=\"https:\/\/www.yediiklimpeyzaj.com.tr\/wp-content\/uploads\/2023\/08\/Peyzaj-Proje-Danismanlik-1.jpg 400w, https:\/\/www.yediiklimpeyzaj.com.tr\/wp-content\/uploads\/2023\/08\/Peyzaj-Proje-Danismanlik-1-261x300.jpg 261w, https:\/\/www.yediiklimpeyzaj.com.tr\/wp-content\/uploads\/2023\/08\/Peyzaj-Proje-Danismanlik-1-315x362.jpg 315w\" alt=\"Peyzaj-Proje-Dan\u0131\u015fmanl\u0131k\" width=\"400\" height=\"460\" data-link-type=\"url\"> <\/a><\/p>\r\n<h3><a title=\"Landscape Design &amp; Consultancy\" href=\"\/en\/landscape-design-consultancy\/\" target=\"_self\" rel=\"noopener\"> Landscape Design &amp; Consultancy <\/a><\/h3>\r\n<p><a title=\"peyzaj-uygulama\" href=\"\/en\/landscape-application\/\" target=\"_self\" rel=\"noopener\"> <img decoding=\"async\" title=\"peyzaj-uygulama\" src=\"https:\/\/www.yediiklimpeyzaj.com.tr\/wp-content\/uploads\/2023\/07\/peyzaj-uygulama.jpg\" sizes=\"(max-width: 768px) 100vw, 100vw\" srcset=\"https:\/\/www.yediiklimpeyzaj.com.tr\/wp-content\/uploads\/2023\/07\/peyzaj-uygulama.jpg 400w, https:\/\/www.yediiklimpeyzaj.com.tr\/wp-content\/uploads\/2023\/07\/peyzaj-uygulama-261x300.jpg 261w, https:\/\/www.yediiklimpeyzaj.com.tr\/wp-content\/uploads\/2023\/07\/peyzaj-uygulama-315x362.jpg 315w\" alt=\"peyzaj-uygulama\" width=\"400\" height=\"460\" data-link-type=\"url\"> <\/a><\/p>\r\n<h3><a title=\"Landscape Application\" href=\"\/en\/landscape-application\/\" target=\"_self\" rel=\"noopener\"> Landscape Application <\/a><\/h3>\r\n<p><a title=\"bit-ihracati\" href=\"\/en\/foreign-trade\/\" target=\"_self\" rel=\"noopener\"> <img decoding=\"async\" title=\"bit-ihracati\" src=\"https:\/\/www.yediiklimpeyzaj.com.tr\/wp-content\/uploads\/2023\/08\/bit-ihracati.jpg\" sizes=\"(max-width: 768px) 100vw, 100vw\" srcset=\"https:\/\/www.yediiklimpeyzaj.com.tr\/wp-content\/uploads\/2023\/08\/bit-ihracati.jpg 400w, https:\/\/www.yediiklimpeyzaj.com.tr\/wp-content\/uploads\/2023\/08\/bit-ihracati-261x300.jpg 261w, https:\/\/www.yediiklimpeyzaj.com.tr\/wp-content\/uploads\/2023\/08\/bit-ihracati-315x362.jpg 315w\" alt=\"bit-ihracati\" width=\"400\" height=\"460\" data-link-type=\"url\"> <\/a><\/p>\r\n<h3><a title=\"Plant Export\" href=\"\/en\/foreign-trade\/\" target=\"_self\" rel=\"noopener\"> Plant Export <\/a><\/h3>\r\n<p><a title=\"Periyodik-2\" href=\"\/en\/periodic-garden-maintenance\/\" target=\"_self\" rel=\"noopener\"> <img decoding=\"async\" title=\"Periyodik-2\" src=\"https:\/\/www.yediiklimpeyzaj.com.tr\/wp-content\/uploads\/2023\/08\/Periyodik-2.jpg\" sizes=\"(max-width: 768px) 100vw, 100vw\" srcset=\"https:\/\/www.yediiklimpeyzaj.com.tr\/wp-content\/uploads\/2023\/08\/Periyodik-2.jpg 400w, https:\/\/www.yediiklimpeyzaj.com.tr\/wp-content\/uploads\/2023\/08\/Periyodik-2-261x300.jpg 261w, https:\/\/www.yediiklimpeyzaj.com.tr\/wp-content\/uploads\/2023\/08\/Periyodik-2-315x362.jpg 315w\" alt=\"Periyodik-2\" width=\"400\" height=\"460\" data-link-type=\"url\"> <\/a><\/p>\r\n<h3><a title=\"Periodic Garden Maintenance\" href=\"\/en\/periodic-garden-maintenance\/\" target=\"_self\" rel=\"noopener\"> Periodic Garden Maintenance <\/a><\/h3>\r\n<p><a title=\"bahce-market-sus-bitkileri\" href=\"https:\/\/www.yediiklimpeyzaj.com.tr\/en\/wholesale-sales-of-landscape-products\/\" target=\"_self\" rel=\"noopener\"> <img decoding=\"async\" title=\"bahce-market-sus-bitkileri\" src=\"https:\/\/www.yediiklimpeyzaj.com.tr\/wp-content\/uploads\/2023\/08\/bahce-market-sus-bitkileri.jpg\" sizes=\"(max-width: 768px) 100vw, 100vw\" srcset=\"https:\/\/www.yediiklimpeyzaj.com.tr\/wp-content\/uploads\/2023\/08\/bahce-market-sus-bitkileri.jpg 400w, https:\/\/www.yediiklimpeyzaj.com.tr\/wp-content\/uploads\/2023\/08\/bahce-market-sus-bitkileri-261x300.jpg 261w, https:\/\/www.yediiklimpeyzaj.com.tr\/wp-content\/uploads\/2023\/08\/bahce-market-sus-bitkileri-315x362.jpg 315w\" alt=\"bahce-market-sus-bitkileri\" width=\"400\" height=\"460\" data-link-type=\"url\"> <\/a><\/p>\r\n<h3><a title=\"Ornamental Plants Marketing and Sales\" href=\"https:\/\/www.yediiklimpeyzaj.com.tr\/en\/wholesale-sales-of-landscape-products\/\" target=\"_self\" rel=\"noopener\"> Ornamental Plants Marketing and Sales <\/a><\/h3>\r\n<p><a title=\"perakende-1\" href=\"\/en\/retail-sales\/\" target=\"_self\" rel=\"noopener\"> <img decoding=\"async\" title=\"perakende-1\" src=\"https:\/\/www.yediiklimpeyzaj.com.tr\/wp-content\/uploads\/2023\/08\/perakende-1.jpg\" sizes=\"(max-width: 768px) 100vw, 100vw\" srcset=\"https:\/\/www.yediiklimpeyzaj.com.tr\/wp-content\/uploads\/2023\/08\/perakende-1.jpg 400w, https:\/\/www.yediiklimpeyzaj.com.tr\/wp-content\/uploads\/2023\/08\/perakende-1-261x300.jpg 261w, https:\/\/www.yediiklimpeyzaj.com.tr\/wp-content\/uploads\/2023\/08\/perakende-1-315x362.jpg 315w\" alt=\"perakende-1\" width=\"400\" height=\"460\" data-link-type=\"url\"> <\/a><\/p>\r\n<h3><a title=\"Retail Sales\" href=\"\/en\/retail-sales\/\" target=\"_self\" rel=\"noopener\"> Retail Sales <\/a><\/h3>\r\n<\/div><!-- .vgblk-rw-wrapper -->","protected":false},"excerpt":{"rendered":"<p>Bah\u00e7em \u0130stanbul (Retail Sales, Garden Center, and E-Commerce) www.bahcem.istanbul Discover the Beauty of Your Garden with &#8220;Bah\u00e7em \u0130stanbul&#8221;! The green and serene garden you&#8217;ve been dreaming of is now right at your fingertips! As Bah\u00e7em \u0130stanbul, we offer you the most unique garden arrangements with our expert landscaping team and creative design approach. Green Architect&#8230;<\/p>\n","protected":false},"author":1,"featured_media":0,"parent":0,"menu_order":0,"comment_status":"closed","ping_status":"closed","template":"","meta":{"ngg_post_thumbnail":0,"footnotes":""},"_links":{"self":[{"href":"https:\/\/www.yediiklimpeyzaj.com.tr\/en\/wp-json\/wp\/v2\/pages\/988468"}],"collection":[{"href":"https:\/\/www.yediiklimpeyzaj.com.tr\/en\/wp-json\/wp\/v2\/pages"}],"about":[{"href":"https:\/\/www.yediiklimpeyzaj.com.tr\/en\/wp-json\/wp\/v2\/types\/page"}],"author":[{"embeddable":true,"href":"https:\/\/www.yediiklimpeyzaj.com.tr\/en\/wp-json\/wp\/v2\/users\/1"}],"replies":[{"embeddable":true,"href":"https:\/\/www.yediiklimpeyzaj.com.tr\/en\/wp-json\/wp\/v2\/comments?post=988468"}],"version-history":[{"count":1,"href":"https:\/\/www.yediiklimpeyzaj.com.tr\/en\/wp-json\/wp\/v2\/pages\/988468\/revisions"}],"predecessor-version":[{"id":989927,"href":"https:\/\/www.yediiklimpeyzaj.com.tr\/en\/wp-json\/wp\/v2\/pages\/988468\/revisions\/989927"}],"wp:attachment":[{"href":"https:\/\/www.yediiklimpeyzaj.com.tr\/en\/wp-json\/wp\/v2\/media?parent=988468"}],"curies":[{"name":"wp","href":"https:\/\/api.w.org\/{rel}","templated":true}]}}