{"id":988469,"date":"2023-07-19T10:05:18","date_gmt":"2023-07-19T10:05:18","guid":{"rendered":"https:\/\/www.yediiklimpeyzaj.com.tr\/retail-sales\/"},"modified":"2025-07-24T14:14:25","modified_gmt":"2025-07-24T14:14:25","slug":"retail-sales","status":"publish","type":"page","link":"https:\/\/www.yediiklimpeyzaj.com.tr\/en\/retail-sales\/","title":{"rendered":"Retail Sales"},"content":{"rendered":"<div class=\"vgblk-rw-wrapper limit-wrapper\">\r\n<p><img decoding=\"async\" title=\"perakende-1\" src=\"https:\/\/www.yediiklimpeyzaj.com.tr\/wp-content\/uploads\/2023\/08\/perakende-1.jpg\" sizes=\"(max-width: 768px) 100vw, 100vw\" srcset=\"https:\/\/www.yediiklimpeyzaj.com.tr\/wp-content\/uploads\/2023\/08\/perakende-1.jpg 400w, https:\/\/www.yediiklimpeyzaj.com.tr\/wp-content\/uploads\/2023\/08\/perakende-1-261x300.jpg 261w, https:\/\/www.yediiklimpeyzaj.com.tr\/wp-content\/uploads\/2023\/08\/perakende-1-315x362.jpg 315w\" alt=\"perakende-1\" width=\"400\" height=\"460\"><\/p>\r\n<h2><strong>Retail Sales: Personalized Shopping Experience<\/strong><\/h2>\r\n<p>With the desire to create an experience beyond shopping, we offer retail sales services with a wide range of products and a personalized service approach.<\/p>\r\n<p>We have identified customer satisfaction as our top priority and meticulously select our products accordingly. Our diverse range of products caters to every taste and budget, combining quality and affordable prices.<\/p>\r\n<p>To elevate your retail shopping experience to the highest level, we are with you at every step, from product selection to post-purchase support services. Our sales consultants are equipped with the knowledge and expertise to assist you in finding the most suitable products and making informed decisions.<\/p>\r\n<p>Furthermore, in addition to the products available in our store, you can also shop 24\/7 through our online shopping platform, where you can easily browse and purchase our products. The quality and variety of services offered in both our online and physical stores aim to provide you with a comprehensive and flexible shopping experience.<\/p>\r\n<p>With our high-quality products, variety, affordable prices, user-friendly shopping experience, and friendly service approach, we offer you the best option in the field of retail sales.<\/p>\r\n<p>Feel free to reach out to us at any time of the day to meet all your needs and desires.<\/p>\r\n<h3>Other Services We Provide<\/h3>\r\n<p><a title=\"Peyzaj-Proje-Dan\u0131\u015fmanl\u0131k\" href=\"\/en\/landscape-design-consultancy\/\" target=\"_self\" rel=\"noopener\"> <img decoding=\"async\" title=\"Peyzaj-Proje-Dan\u0131\u015fmanl\u0131k\" src=\"https:\/\/www.yediiklimpeyzaj.com.tr\/wp-content\/uploads\/2023\/08\/Peyzaj-Proje-Danismanlik-1.jpg\" sizes=\"(max-width: 768px) 100vw, 100vw\" srcset=\"https:\/\/www.yediiklimpeyzaj.com.tr\/wp-content\/uploads\/2023\/08\/Peyzaj-Proje-Danismanlik-1.jpg 400w, https:\/\/www.yediiklimpeyzaj.com.tr\/wp-content\/uploads\/2023\/08\/Peyzaj-Proje-Danismanlik-1-261x300.jpg 261w, https:\/\/www.yediiklimpeyzaj.com.tr\/wp-content\/uploads\/2023\/08\/Peyzaj-Proje-Danismanlik-1-315x362.jpg 315w\" alt=\"Peyzaj-Proje-Dan\u0131\u015fmanl\u0131k\" width=\"400\" height=\"460\" data-link-type=\"url\"> <\/a><\/p>\r\n<h3><a title=\"Landscape Design &amp; Consultancy\" href=\"\/en\/landscape-design-consultancy\/\" target=\"_self\" rel=\"noopener\"> Landscape Design &amp; Consultancy <\/a><\/h3>\r\n<p><a title=\"peyzaj-uygulama\" href=\"\/en\/landscape-application\/\" target=\"_self\" rel=\"noopener\"> <img decoding=\"async\" title=\"peyzaj-uygulama\" src=\"https:\/\/www.yediiklimpeyzaj.com.tr\/wp-content\/uploads\/2023\/07\/peyzaj-uygulama.jpg\" sizes=\"(max-width: 768px) 100vw, 100vw\" srcset=\"https:\/\/www.yediiklimpeyzaj.com.tr\/wp-content\/uploads\/2023\/07\/peyzaj-uygulama.jpg 400w, https:\/\/www.yediiklimpeyzaj.com.tr\/wp-content\/uploads\/2023\/07\/peyzaj-uygulama-261x300.jpg 261w, https:\/\/www.yediiklimpeyzaj.com.tr\/wp-content\/uploads\/2023\/07\/peyzaj-uygulama-315x362.jpg 315w\" alt=\"peyzaj-uygulama\" width=\"400\" height=\"460\" data-link-type=\"url\"> <\/a><\/p>\r\n<h3><a title=\"Landscape Application\" href=\"\/en\/landscape-application\/\" target=\"_self\" rel=\"noopener\"> Landscape Application <\/a><\/h3>\r\n<p><a title=\"bit-ihracati\" href=\"\/en\/foreign-trade\/\" target=\"_self\" rel=\"noopener\"> <img decoding=\"async\" title=\"bit-ihracati\" src=\"https:\/\/www.yediiklimpeyzaj.com.tr\/wp-content\/uploads\/2023\/08\/bit-ihracati.jpg\" sizes=\"(max-width: 768px) 100vw, 100vw\" srcset=\"https:\/\/www.yediiklimpeyzaj.com.tr\/wp-content\/uploads\/2023\/08\/bit-ihracati.jpg 400w, https:\/\/www.yediiklimpeyzaj.com.tr\/wp-content\/uploads\/2023\/08\/bit-ihracati-261x300.jpg 261w, https:\/\/www.yediiklimpeyzaj.com.tr\/wp-content\/uploads\/2023\/08\/bit-ihracati-315x362.jpg 315w\" alt=\"bit-ihracati\" width=\"400\" height=\"460\" data-link-type=\"url\"> <\/a><\/p>\r\n<h3><a title=\"Foreign Trade\" href=\"\/en\/foreign-trade\/\" target=\"_self\" rel=\"noopener\"> Foreign Trade <\/a><\/h3>\r\n<p><a title=\"Periyodik-2\" href=\"\/en\/periodic-garden-maintenance\/\" target=\"_self\" rel=\"noopener\"> <img decoding=\"async\" title=\"Periyodik-2\" src=\"https:\/\/www.yediiklimpeyzaj.com.tr\/wp-content\/uploads\/2023\/08\/Periyodik-2.jpg\" sizes=\"(max-width: 768px) 100vw, 100vw\" srcset=\"https:\/\/www.yediiklimpeyzaj.com.tr\/wp-content\/uploads\/2023\/08\/Periyodik-2.jpg 400w, https:\/\/www.yediiklimpeyzaj.com.tr\/wp-content\/uploads\/2023\/08\/Periyodik-2-261x300.jpg 261w, https:\/\/www.yediiklimpeyzaj.com.tr\/wp-content\/uploads\/2023\/08\/Periyodik-2-315x362.jpg 315w\" alt=\"Periyodik-2\" width=\"400\" height=\"460\" data-link-type=\"url\"> <\/a><\/p>\r\n<h3><a title=\"Periodic Garden Maintenance\" href=\"\/en\/periodic-garden-maintenance\/\" target=\"_self\" rel=\"noopener\"> Periodic Garden Maintenance <\/a><\/h3>\r\n<p><a title=\"bahce-market-sus-bitkileri\" href=\"https:\/\/www.yediiklimpeyzaj.com.tr\/en\/wholesale-sales-of-landscape-products\/\" target=\"_self\" rel=\"noopener\"> <img decoding=\"async\" title=\"bahce-market-sus-bitkileri\" src=\"https:\/\/www.yediiklimpeyzaj.com.tr\/wp-content\/uploads\/2023\/08\/bahce-market-sus-bitkileri.jpg\" sizes=\"(max-width: 768px) 100vw, 100vw\" srcset=\"https:\/\/www.yediiklimpeyzaj.com.tr\/wp-content\/uploads\/2023\/08\/bahce-market-sus-bitkileri.jpg 400w, https:\/\/www.yediiklimpeyzaj.com.tr\/wp-content\/uploads\/2023\/08\/bahce-market-sus-bitkileri-261x300.jpg 261w, https:\/\/www.yediiklimpeyzaj.com.tr\/wp-content\/uploads\/2023\/08\/bahce-market-sus-bitkileri-315x362.jpg 315w\" alt=\"bahce-market-sus-bitkileri\" width=\"400\" height=\"460\" data-link-type=\"url\"> <\/a><\/p>\r\n<h3><a title=\"Wholesale of Ornamental Plants and Other Landscape Products\" href=\"https:\/\/www.yediiklimpeyzaj.com.tr\/en\/wholesale-sales-of-landscape-products\/\" target=\"_self\" rel=\"noopener\"> Wholesale of Ornamental Plants and Other Landscape Products <\/a><\/h3>\r\n<\/div><!-- .vgblk-rw-wrapper -->","protected":false},"excerpt":{"rendered":"<p>Retail Sales: Personalized Shopping Experience With the desire to create an experience beyond shopping, we offer retail sales services with a wide range of products and a personalized service approach. We have identified customer satisfaction as our top priority and meticulously select our products accordingly. Our diverse range of products caters to every taste and&#8230;<\/p>\n","protected":false},"author":1,"featured_media":0,"parent":0,"menu_order":0,"comment_status":"closed","ping_status":"closed","template":"","meta":{"ngg_post_thumbnail":0,"footnotes":""},"_links":{"self":[{"href":"https:\/\/www.yediiklimpeyzaj.com.tr\/en\/wp-json\/wp\/v2\/pages\/988469"}],"collection":[{"href":"https:\/\/www.yediiklimpeyzaj.com.tr\/en\/wp-json\/wp\/v2\/pages"}],"about":[{"href":"https:\/\/www.yediiklimpeyzaj.com.tr\/en\/wp-json\/wp\/v2\/types\/page"}],"author":[{"embeddable":true,"href":"https:\/\/www.yediiklimpeyzaj.com.tr\/en\/wp-json\/wp\/v2\/users\/1"}],"replies":[{"embeddable":true,"href":"https:\/\/www.yediiklimpeyzaj.com.tr\/en\/wp-json\/wp\/v2\/comments?post=988469"}],"version-history":[{"count":1,"href":"https:\/\/www.yediiklimpeyzaj.com.tr\/en\/wp-json\/wp\/v2\/pages\/988469\/revisions"}],"predecessor-version":[{"id":989930,"href":"https:\/\/www.yediiklimpeyzaj.com.tr\/en\/wp-json\/wp\/v2\/pages\/988469\/revisions\/989930"}],"wp:attachment":[{"href":"https:\/\/www.yediiklimpeyzaj.com.tr\/en\/wp-json\/wp\/v2\/media?parent=988469"}],"curies":[{"name":"wp","href":"https:\/\/api.w.org\/{rel}","templated":true}]}}