{"id":988474,"date":"2023-07-19T09:49:32","date_gmt":"2023-07-19T09:49:32","guid":{"rendered":"https:\/\/www.yediiklimpeyzaj.com.tr\/periodic-garden-maintenance\/"},"modified":"2025-07-24T14:18:41","modified_gmt":"2025-07-24T14:18:41","slug":"periodic-garden-maintenance","status":"publish","type":"page","link":"https:\/\/www.yediiklimpeyzaj.com.tr\/en\/periodic-garden-maintenance\/","title":{"rendered":"Periodic Garden Maintenance"},"content":{"rendered":"<div class=\"vgblk-rw-wrapper limit-wrapper\">\r\n<p><img decoding=\"async\" title=\"Periyodik-2\" src=\"https:\/\/www.yediiklimpeyzaj.com.tr\/wp-content\/uploads\/2023\/08\/Periyodik-2.jpg\" sizes=\"(max-width: 768px) 100vw, 100vw\" srcset=\"https:\/\/www.yediiklimpeyzaj.com.tr\/wp-content\/uploads\/2023\/08\/Periyodik-2.jpg 400w, https:\/\/www.yediiklimpeyzaj.com.tr\/wp-content\/uploads\/2023\/08\/Periyodik-2-261x300.jpg 261w, https:\/\/www.yediiklimpeyzaj.com.tr\/wp-content\/uploads\/2023\/08\/Periyodik-2-315x362.jpg 315w\" alt=\"Periyodik-2\" width=\"400\" height=\"460\"><\/p>\r\n<h2>Periodic Garden Maintenance: For the Lasting Beauty of Your Green Spaces<\/h2>\r\n<p>Your garden is a special area that connects you with nature. However, maintaining its aesthetic beauty in a healthy and vibrant manner requires professional care. And this is where we come into play. Through our offered periodic garden maintenance services, we ensure that your garden stays in its best condition at all times.<\/p>\r\n<p>Periodic garden maintenance is essential for the healthy growth of plants, seasonal arrangements, and the overall preservation of the garden&#8217;s appearance. Our services encompass a wide range of activities, from plant care to tree pruning, lawn mowing, control of irrigation systems, and the general arrangement of the garden.<\/p>\r\n<p>Considering the specific needs of your space and plants, we provide you with a customized maintenance program. This ensures that your garden remains lively and well-maintained throughout the entire year.<\/p>\r\n<p>Furthermore, our periodic maintenance services allow us to detect and address any potential issues in your garden early on and take necessary actions promptly. This way, we prevent significant and costly problems from arising.<\/p>\r\n<p>With our periodic garden maintenance services, you can preserve the value of the green spaces in your garden and enrich your living environment. Entrust the care of your garden to expert hands and enjoy the beauty of nature.<\/p>\r\n<h3>Other Services We Provide<\/h3>\r\n<p><a title=\"Peyzaj-Proje-Dan\u0131\u015fmanl\u0131k\" href=\"\/en\/landscape-design-consultancy\/\" target=\"_self\" rel=\"noopener\"> <img decoding=\"async\" title=\"Peyzaj-Proje-Dan\u0131\u015fmanl\u0131k\" src=\"https:\/\/www.yediiklimpeyzaj.com.tr\/wp-content\/uploads\/2023\/08\/Peyzaj-Proje-Danismanlik-1.jpg\" sizes=\"(max-width: 768px) 100vw, 100vw\" srcset=\"https:\/\/www.yediiklimpeyzaj.com.tr\/wp-content\/uploads\/2023\/08\/Peyzaj-Proje-Danismanlik-1.jpg 400w, https:\/\/www.yediiklimpeyzaj.com.tr\/wp-content\/uploads\/2023\/08\/Peyzaj-Proje-Danismanlik-1-261x300.jpg 261w, https:\/\/www.yediiklimpeyzaj.com.tr\/wp-content\/uploads\/2023\/08\/Peyzaj-Proje-Danismanlik-1-315x362.jpg 315w\" alt=\"Peyzaj-Proje-Dan\u0131\u015fmanl\u0131k\" width=\"400\" height=\"460\" data-link-type=\"url\"> <\/a><\/p>\r\n<h3><a title=\"Landscape Design &amp; Consultancy\" href=\"\/en\/landscape-design-consultancy\/\" target=\"_self\" rel=\"noopener\"> Landscape Design &amp; Consultancy <\/a><\/h3>\r\n<p><a title=\"peyzaj-uygulama\" href=\"\/en\/landscape-application\/\" target=\"_self\" rel=\"noopener\"> <img decoding=\"async\" title=\"peyzaj-uygulama\" src=\"https:\/\/www.yediiklimpeyzaj.com.tr\/wp-content\/uploads\/2023\/07\/peyzaj-uygulama.jpg\" sizes=\"(max-width: 768px) 100vw, 100vw\" srcset=\"https:\/\/www.yediiklimpeyzaj.com.tr\/wp-content\/uploads\/2023\/07\/peyzaj-uygulama.jpg 400w, https:\/\/www.yediiklimpeyzaj.com.tr\/wp-content\/uploads\/2023\/07\/peyzaj-uygulama-261x300.jpg 261w, https:\/\/www.yediiklimpeyzaj.com.tr\/wp-content\/uploads\/2023\/07\/peyzaj-uygulama-315x362.jpg 315w\" alt=\"peyzaj-uygulama\" width=\"400\" height=\"460\" data-link-type=\"url\"> <\/a><\/p>\r\n<h3><a title=\"Landscape Application\" href=\"\/en\/landscape-application\/\" target=\"_self\" rel=\"noopener\"> Landscape Application <\/a><\/h3>\r\n<p><a title=\"bit-ihracati\" href=\"\/en\/foreign-trade\/\" target=\"_self\" rel=\"noopener\"> <img decoding=\"async\" title=\"bit-ihracati\" src=\"https:\/\/www.yediiklimpeyzaj.com.tr\/wp-content\/uploads\/2023\/08\/bit-ihracati.jpg\" sizes=\"(max-width: 768px) 100vw, 100vw\" srcset=\"https:\/\/www.yediiklimpeyzaj.com.tr\/wp-content\/uploads\/2023\/08\/bit-ihracati.jpg 400w, https:\/\/www.yediiklimpeyzaj.com.tr\/wp-content\/uploads\/2023\/08\/bit-ihracati-261x300.jpg 261w, https:\/\/www.yediiklimpeyzaj.com.tr\/wp-content\/uploads\/2023\/08\/bit-ihracati-315x362.jpg 315w\" alt=\"bit-ihracati\" width=\"400\" height=\"460\" data-link-type=\"url\"> <\/a><\/p>\r\n<h3><a title=\"Foreign Trade\" href=\"\/en\/foreign-trade\/\" target=\"_self\" rel=\"noopener\"> Foreign Trade <\/a><\/h3>\r\n<p><a title=\"bahce-market-sus-bitkileri\" href=\"https:\/\/www.yediiklimpeyzaj.com.tr\/en\/wholesale-sales-of-landscape-products\/\" target=\"_self\" rel=\"noopener\"> <img decoding=\"async\" title=\"bahce-market-sus-bitkileri\" src=\"https:\/\/www.yediiklimpeyzaj.com.tr\/wp-content\/uploads\/2023\/08\/bahce-market-sus-bitkileri.jpg\" sizes=\"(max-width: 768px) 100vw, 100vw\" srcset=\"https:\/\/www.yediiklimpeyzaj.com.tr\/wp-content\/uploads\/2023\/08\/bahce-market-sus-bitkileri.jpg 400w, https:\/\/www.yediiklimpeyzaj.com.tr\/wp-content\/uploads\/2023\/08\/bahce-market-sus-bitkileri-261x300.jpg 261w, https:\/\/www.yediiklimpeyzaj.com.tr\/wp-content\/uploads\/2023\/08\/bahce-market-sus-bitkileri-315x362.jpg 315w\" alt=\"bahce-market-sus-bitkileri\" width=\"400\" height=\"460\" data-link-type=\"url\"> <\/a><\/p>\r\n<h3><a title=\"Wholesale of Ornamental Plants and Other Landscape Products\" href=\"https:\/\/www.yediiklimpeyzaj.com.tr\/en\/wholesale-sales-of-landscape-products\/\" target=\"_self\" rel=\"noopener\"> Wholesale of Ornamental Plants and Other Landscape Products <\/a><\/h3>\r\n<p><a title=\"perakende-1\" href=\"\/en\/retail-sales\/\" target=\"_self\" rel=\"noopener\"> <img decoding=\"async\" title=\"perakende-1\" src=\"https:\/\/www.yediiklimpeyzaj.com.tr\/wp-content\/uploads\/2023\/08\/perakende-1.jpg\" sizes=\"(max-width: 768px) 100vw, 100vw\" srcset=\"https:\/\/www.yediiklimpeyzaj.com.tr\/wp-content\/uploads\/2023\/08\/perakende-1.jpg 400w, https:\/\/www.yediiklimpeyzaj.com.tr\/wp-content\/uploads\/2023\/08\/perakende-1-261x300.jpg 261w, https:\/\/www.yediiklimpeyzaj.com.tr\/wp-content\/uploads\/2023\/08\/perakende-1-315x362.jpg 315w\" alt=\"perakende-1\" width=\"400\" height=\"460\" data-link-type=\"url\"> <\/a><\/p>\r\n<h3><a title=\"Retail Sales\" href=\"\/en\/retail-sales\/\" target=\"_self\" rel=\"noopener\"> Retail Sales <\/a><\/h3>\r\n<\/div><!-- .vgblk-rw-wrapper -->","protected":false},"excerpt":{"rendered":"<p>Periodic Garden Maintenance: For the Lasting Beauty of Your Green Spaces Your garden is a special area that connects you with nature. However, maintaining its aesthetic beauty in a healthy and vibrant manner requires professional care. And this is where we come into play. Through our offered periodic garden maintenance services, we ensure that your&#8230;<\/p>\n","protected":false},"author":1,"featured_media":0,"parent":0,"menu_order":0,"comment_status":"closed","ping_status":"closed","template":"","meta":{"ngg_post_thumbnail":0,"footnotes":""},"_links":{"self":[{"href":"https:\/\/www.yediiklimpeyzaj.com.tr\/en\/wp-json\/wp\/v2\/pages\/988474"}],"collection":[{"href":"https:\/\/www.yediiklimpeyzaj.com.tr\/en\/wp-json\/wp\/v2\/pages"}],"about":[{"href":"https:\/\/www.yediiklimpeyzaj.com.tr\/en\/wp-json\/wp\/v2\/types\/page"}],"author":[{"embeddable":true,"href":"https:\/\/www.yediiklimpeyzaj.com.tr\/en\/wp-json\/wp\/v2\/users\/1"}],"replies":[{"embeddable":true,"href":"https:\/\/www.yediiklimpeyzaj.com.tr\/en\/wp-json\/wp\/v2\/comments?post=988474"}],"version-history":[{"count":1,"href":"https:\/\/www.yediiklimpeyzaj.com.tr\/en\/wp-json\/wp\/v2\/pages\/988474\/revisions"}],"predecessor-version":[{"id":989202,"href":"https:\/\/www.yediiklimpeyzaj.com.tr\/en\/wp-json\/wp\/v2\/pages\/988474\/revisions\/989202"}],"wp:attachment":[{"href":"https:\/\/www.yediiklimpeyzaj.com.tr\/en\/wp-json\/wp\/v2\/media?parent=988474"}],"curies":[{"name":"wp","href":"https:\/\/api.w.org\/{rel}","templated":true}]}}